{"id":6057,"date":"2023-08-16T12:21:55","date_gmt":"2023-08-16T12:21:55","guid":{"rendered":"https:\/\/profil.ba\/v2\/?page_id=6057"},"modified":"2023-08-21T09:25:56","modified_gmt":"2023-08-21T09:25:56","slug":"o-nama","status":"publish","type":"page","link":"https:\/\/profil.ba\/en\/o-nama\/","title":{"rendered":"About Us"},"content":{"rendered":"<div id=\"about-text\"  data-column-margin=\"default\" data-midnight=\"dark\" data-top-percent=\"8%\" data-bottom-percent=\"7%\"  class=\"wpb_row vc_row-fluid vc_row full-width-section\"  style=\"padding-top: calc(100vw * 0.08); padding-bottom: calc(100vw * 0.07); \"><div class=\"row-bg-wrap\" data-bg-animation=\"none\" data-bg-overlay=\"false\"><div class=\"inner-wrap\"><div class=\"row-bg using-bg-color\"  style=\"background-color: #ffffff; \"><\/div><\/div><\/div><div class=\"row_col_wrap_12 col span_12 dark left\">\n\t<div  class=\"vc_col-sm-12 wpb_column column_container vc_column_container col has-animation no-extra-padding inherit_tablet inherit_phone\"  data-padding-pos=\"all\" data-has-bg-color=\"false\" data-bg-color=\"\" data-bg-opacity=\"1\" data-animation=\"fade-in-from-bottom\" data-delay=\"0\" >\n\t\t<div class=\"vc_column-inner\" >\n\t\t\t<div class=\"wpb_wrapper\">\n\t\t\t\t\r\n<div class=\"wpb_text_column wpb_content_element  vc_custom_1692609902703\" >\r\n\t<div class=\"wpb_wrapper\">\r\n\t\t<h2>Since 2004, Profil Management Consulting has been helping clients in their search for managerial staff through the processes of identification, assessment and recruitment of the most talented leaders on the market.<\/h2>\n\t<\/div>\r\n<\/div>\r\n\r\n\r\n\r\n\r\n<div class=\"wpb_text_column wpb_content_element\" >\r\n\t<div class=\"wpb_wrapper\">\r\n\t\t<h2>Through many years of work, we have built a reputation as a base source of leadership and talent consulting services.<\/h2>\n\t<\/div>\r\n<\/div>\r\n\r\n\r\n\r\n<div id=\"fws_69de9b4c2ddf7\" data-midnight=\"\" data-column-margin=\"default\" class=\"wpb_row vc_row-fluid vc_row inner_row\"  style=\"\"><div class=\"row-bg-wrap\"> <div class=\"row-bg\" ><\/div> <\/div><div class=\"row_col_wrap_12_inner col span_12  left\">\n\t<div  class=\"vc_col-sm-6 wpb_column column_container vc_column_container col child_column has-animation padding-3-percent inherit_tablet inherit_phone\"   data-padding-pos=\"top-bottom\" data-has-bg-color=\"false\" data-bg-color=\"\" data-bg-opacity=\"1\" data-animation=\"fade-in-from-bottom\" data-delay=\"0\">\n\t\t<div class=\"vc_column-inner\" >\n\t\t<div class=\"wpb_wrapper\">\n\t\t\t\r\n<div class=\"wpb_text_column wpb_content_element  vc_custom_1692609936718\" >\r\n\t<div class=\"wpb_wrapper\">\r\n\t\t<p>Due to our commitment to quality, our consultants regularly engage with candidates and clients to deliver lasting and exceptional results.<\/p>\n<p>When we provide you with basic business services, you will have enough time to focus on the growth and development of your company!<\/p>\n<p>Our team comprises accounting and finance professionals with theoretical and practical knowledge, along with experience in bookkeeping, financial accounting, and reporting. We provide the opportunity to collaborate with experts who have acquired their skills in various industries. We believe in integration and have worked hard to ensure the necessary knowledge and achieve exceptional results. Our Sarajevo team can quickly become a reliable and highly adaptable part of your team.<\/p>\n<p>To maximize the benefits of outsourcing accounting services, consider the specific challenges you need to address and the desired outcomes you aim to achieve.<\/p>\n\t<\/div>\r\n<\/div>\r\n\r\n\r\n\r\n\n\t\t<\/div> \n\t<\/div>\n\t<\/div> \n\n\t<div  class=\"vc_col-sm-6 wpb_column column_container vc_column_container col child_column has-animation padding-3-percent inherit_tablet inherit_phone\"   data-padding-pos=\"top-bottom\" data-has-bg-color=\"false\" data-bg-color=\"\" data-bg-opacity=\"1\" data-animation=\"fade-in-from-bottom\" data-delay=\"100\">\n\t\t<div class=\"vc_column-inner\" >\n\t\t<div class=\"wpb_wrapper\">\n\t\t\t\r\n<div class=\"wpb_text_column wpb_content_element  vc_custom_1692609950929\" >\r\n\t<div class=\"wpb_wrapper\">\r\n\t\t<p>Do you require continuous accounting services, payroll processing, accounting software for specific analytical reports, or general guidance on which key performance indicators to target? Together we can establish your goals and, if needed, bring in external support, and ultimately recruit the right skilled individual to provide expertise and added value to your team.<\/p>\n<p>We serve a diverse clientele, including emerging enterprises and major multinational corporations. Our focus is on partnering with top-level executives to achieve measurable and enduring business outcomes.<\/p>\n<p>Organizations rely on PROFIL to select talented leadership personnel, a responsibility we embrace daily with passion, expertise, integrity, and measurable results.<\/p>\n<p>Based on our client list, we are seen as a trustworthy partner to numerous globally recognized firms.<\/p>\n<p>Our basic services include executive search, quick selection, search and selection, and staff leasing.<\/p>\n\t<\/div>\r\n<\/div>\r\n\r\n\r\n\r\n\n\t\t<\/div> \n\t<\/div>\n\t<\/div> \n<\/div><\/div>\n\t\t\t<\/div> \n\t\t<\/div>\n\t<\/div> \n<\/div><\/div>","protected":false},"excerpt":{"rendered":"Od 2004. godine Profil Management Consulting poma\u017ee klijentima u potrazi za menad\u017eerskim kadrovima kroz procese identifikacije, procjene i regrutacije najtalentovanijih lidera na tr\u017ei\u0161tu rada. Dugogodi\u0161njim radom izgradili smo reputaciju osnovnog...","protected":false},"author":1,"featured_media":0,"parent":0,"menu_order":0,"comment_status":"closed","ping_status":"closed","template":"","meta":{"footnotes":""},"class_list":["post-6057","page","type-page","status-publish"],"_links":{"self":[{"href":"https:\/\/profil.ba\/en\/wp-json\/wp\/v2\/pages\/6057","targetHints":{"allow":["GET"]}}],"collection":[{"href":"https:\/\/profil.ba\/en\/wp-json\/wp\/v2\/pages"}],"about":[{"href":"https:\/\/profil.ba\/en\/wp-json\/wp\/v2\/types\/page"}],"author":[{"embeddable":true,"href":"https:\/\/profil.ba\/en\/wp-json\/wp\/v2\/users\/1"}],"replies":[{"embeddable":true,"href":"https:\/\/profil.ba\/en\/wp-json\/wp\/v2\/comments?post=6057"}],"version-history":[{"count":9,"href":"https:\/\/profil.ba\/en\/wp-json\/wp\/v2\/pages\/6057\/revisions"}],"predecessor-version":[{"id":6078,"href":"https:\/\/profil.ba\/en\/wp-json\/wp\/v2\/pages\/6057\/revisions\/6078"}],"wp:attachment":[{"href":"https:\/\/profil.ba\/en\/wp-json\/wp\/v2\/media?parent=6057"}],"curies":[{"name":"wp","href":"https:\/\/api.w.org\/{rel}","templated":true}]}}