{"id":6079,"date":"2023-08-21T09:40:50","date_gmt":"2023-08-21T09:40:50","guid":{"rendered":"https:\/\/profil.ba\/v2\/?page_id=6079"},"modified":"2023-08-21T10:21:22","modified_gmt":"2023-08-21T10:21:22","slug":"usluge","status":"publish","type":"page","link":"https:\/\/profil.ba\/en\/usluge\/","title":{"rendered":"Services"},"content":{"rendered":"<div id=\"fws_69de9a6a6a3d8\"  data-column-margin=\"default\" data-midnight=\"dark\" data-top-percent=\"6%\" data-bottom-percent=\"6%\"  class=\"wpb_row vc_row-fluid vc_row full-width-section\"  style=\"padding-top: calc(100vw * 0.06); padding-bottom: calc(100vw * 0.06); \"><div class=\"row-bg-wrap\" data-bg-animation=\"none\" data-bg-overlay=\"false\"><div class=\"inner-wrap\"><div class=\"row-bg using-bg-color\"  style=\"background-color: #ffffff; \"><\/div><\/div><\/div><div class=\"row_col_wrap_12 col span_12 dark left\">\n\t<div  class=\"vc_col-sm-12 wpb_column column_container vc_column_container col no-extra-padding inherit_tablet inherit_phone\"  data-padding-pos=\"all\" data-has-bg-color=\"false\" data-bg-color=\"\" data-bg-opacity=\"1\" data-animation=\"\" data-delay=\"0\" >\n\t\t<div class=\"vc_column-inner\" >\n\t\t\t<div class=\"wpb_wrapper\">\n\t\t\t\t\n\t<div class=\"wpb_content_element\" data-interval=\"0\">\n\t\t<div class=\"wpb_wrapper tabbed clearfix\" data-style=\"vertical_modern\" data-spacing=\"\" data-icon-size=\"24\" data-full-width-line=\"\" data-color-scheme=\"accent-color\" data-alignment=\"left\">\n\t\t\t<ul class=\"wpb_tabs_nav ui-tabs-nav clearfix\"><li><a href=\"#tab-1692612939412-8\" class=\"active-tab\"><span>Search and Selection<\/span><\/a><\/li><li><a href=\"#tab-1692612978930-7\" ><span>Fast Selection<\/span><\/a><\/li><li><a href=\"#tab-1692613009953-0\" ><span>Staff Leasing<\/span><\/a><\/li><li><a href=\"#tab-1692613010847-10\" ><span>Finance and accounting<\/span><\/a><\/li><\/ul>\n\n\t\t\t\n\t\t\t<div id=\"tab-trazenje-i-odabir\" data-tab-icon=\"iconsmind-Search-People\" class=\"wpb_tab ui-tabs-panel wpb_ui-tabs-hide clearfix\">\n\t\t\t\t<div id=\"fws_69de9a6a6b3f3\" data-midnight=\"\" data-column-margin=\"default\" class=\"wpb_row vc_row-fluid vc_row inner_row\"  style=\"\"><div class=\"row-bg-wrap\"> <div class=\"row-bg\" ><\/div> <\/div><div class=\"row_col_wrap_12_inner col span_12  left\">\n\t<div  class=\"vc_col-sm-12 wpb_column column_container vc_column_container col child_column no-extra-padding inherit_tablet inherit_phone\"   data-padding-pos=\"all\" data-has-bg-color=\"false\" data-bg-color=\"\" data-bg-opacity=\"1\" data-animation=\"\" data-delay=\"0\">\n\t\t<div class=\"vc_column-inner\" >\n\t\t<div class=\"wpb_wrapper\">\n\t\t\t<h2 style=\"font-size: 20px;line-height: 25px;text-align: left\" class=\"vc_custom_heading\" >Are you aware of the risk of changing a member of the management or professional team? Profil Center can help you with its structured search and selection approach.<\/h2>\n\t\t<\/div> \n\t<\/div>\n\t<\/div> \n<\/div><\/div><div id=\"fws_69de9a6a6c66e\" data-midnight=\"\" data-column-margin=\"default\" class=\"wpb_row vc_row-fluid vc_row inner_row\"  style=\"\"><div class=\"row-bg-wrap\"> <div class=\"row-bg\" ><\/div> <\/div><div class=\"row_col_wrap_12_inner col span_12  left\">\n\t<div  class=\"vc_col-sm-12 wpb_column column_container vc_column_container col child_column has-animation padding-3-percent inherit_tablet inherit_phone\"   data-padding-pos=\"top-bottom\" data-has-bg-color=\"false\" data-bg-color=\"\" data-bg-opacity=\"1\" data-animation=\"fade-in-from-bottom\" data-delay=\"0\">\n\t\t<div class=\"vc_column-inner\" >\n\t\t<div class=\"wpb_wrapper\">\n\t\t\t\r\n<div class=\"wpb_text_column wpb_content_element  vc_custom_1692613277622\" >\r\n\t<div class=\"wpb_wrapper\">\r\n\t\t<h4 class=\"fusion-responsive-typography-calculated\" data-fontsize=\"24\" data-lineheight=\"28.8px\">We work on your behalf:<\/h4>\n<ul>\n<li>Systematic search of our sources and market research, which together guarantee finding suitable candidates.<\/li>\n<li>Anonymous advertising on PROFIL's website (www.profil.ba)<\/li>\n<li>Kori\u0161tenje ekskluzivne PROFILOVE baze podataka, \u0161to nam omogu\u0107uje pristup informacijama o stru\u010dnjacima i darovitim menad\u017eerima<\/li>\n<li>Preliminary selection based on CV<\/li>\n<li>Psychological examination (interview, psychological testing, verification of recommendations)<\/li>\n<li>Checking the skills necessary for the required position<\/li>\n<li>Processing of results obtained from psychological tests and data analysis<\/li>\n<li>Integration and interpretation of the obtained data in accordance with pre-established selection criteria<\/li>\n<li>Client reporting on shortlisted candidates<\/li>\n<li>Notifying candidates who did not meet the given criteria (verbally or in writing)<\/li>\n<\/ul>\n\t<\/div>\r\n<\/div>\r\n\r\n\r\n\r\n\n\t\t<\/div> \n\t<\/div>\n\t<\/div> \n<\/div><\/div>\n\t\t\t<\/div> \n\t\t\t<div id=\"tab-brza-selekcija\" data-tab-icon=\"iconsmind-Cursor-Select\" class=\"wpb_tab ui-tabs-panel wpb_ui-tabs-hide clearfix\">\n\t\t\t\t<div id=\"fws_69de9a6a6d265\" data-midnight=\"\" data-column-margin=\"default\" class=\"wpb_row vc_row-fluid vc_row inner_row\"  style=\"\"><div class=\"row-bg-wrap\"> <div class=\"row-bg\" ><\/div> <\/div><div class=\"row_col_wrap_12_inner col span_12  left\">\n\t<div  class=\"vc_col-sm-12 wpb_column column_container vc_column_container col child_column no-extra-padding inherit_tablet inherit_phone\"   data-padding-pos=\"all\" data-has-bg-color=\"false\" data-bg-color=\"\" data-bg-opacity=\"1\" data-animation=\"\" data-delay=\"0\">\n\t\t<div class=\"vc_column-inner\" >\n\t\t<div class=\"wpb_wrapper\">\n\t\t\t<h2 style=\"font-size: 20px;line-height: 25px;text-align: left\" class=\"vc_custom_heading\" >If you lack the time for selecting new employees through a lengthy process, and desire quality staff, but are uncertain of how to attain them, allow us to assist. By hiring PROFIL CENTER, you can save time and money on the hiring process while providing your company with a professional approach to recruitment and staff selection.<\/h2>\n\t\t<\/div> \n\t<\/div>\n\t<\/div> \n<\/div><\/div><div id=\"fws_69de9a6a6da7d\" data-midnight=\"\" data-column-margin=\"default\" class=\"wpb_row vc_row-fluid vc_row inner_row\"  style=\"\"><div class=\"row-bg-wrap\"> <div class=\"row-bg\" ><\/div> <\/div><div class=\"row_col_wrap_12_inner col span_12  left\">\n\t<div  class=\"vc_col-sm-12 wpb_column column_container vc_column_container col child_column has-animation padding-3-percent inherit_tablet inherit_phone\"   data-padding-pos=\"top-bottom\" data-has-bg-color=\"false\" data-bg-color=\"\" data-bg-opacity=\"1\" data-animation=\"fade-in-from-bottom\" data-delay=\"0\">\n\t\t<div class=\"vc_column-inner\" >\n\t\t<div class=\"wpb_wrapper\">\n\t\t\t\r\n<div class=\"wpb_text_column wpb_content_element  vc_custom_1692612818469\" >\r\n\t<div class=\"wpb_wrapper\">\r\n\t\t<h4 class=\"fusion-responsive-typography-calculated\" data-fontsize=\"24\" data-lineheight=\"28.8px\">We create the selection process according to your needs, and we offer you:<\/h4>\n<ul>\n<li>determination of selection criteria<\/li>\n<li>preliminary selection based on CV<\/li>\n<li>psychological examination (interview, psychological testing, verification of recommendations)<\/li>\n<li>verification of skills necessary for the required position<\/li>\n<li>Processing of results obtained from psychological tests and data analysis<\/li>\n<li>Integration and interpretation of the obtained data in accordance with pre-established selection criteria<\/li>\n<li>reporting to the client about shortlisted candidates<\/li>\n<li>informing candidates who did not meet the given criteria (verbally or in writing)<\/li>\n<\/ul>\n\t<\/div>\r\n<\/div>\r\n\r\n\r\n\r\n\n\t\t<\/div> \n\t<\/div>\n\t<\/div> \n<\/div><\/div>\n\t\t\t<\/div> \n\t\t\t<div id=\"tab-staff-leasing\" data-tab-icon=\"iconsmind-Profile\" class=\"wpb_tab ui-tabs-panel wpb_ui-tabs-hide clearfix\">\n\t\t\t\t<div id=\"fws_69de9a6a6e434\" data-midnight=\"\" data-column-margin=\"default\" class=\"wpb_row vc_row-fluid vc_row inner_row\"  style=\"\"><div class=\"row-bg-wrap\"> <div class=\"row-bg\" ><\/div> <\/div><div class=\"row_col_wrap_12_inner col span_12  left\">\n\t<div  class=\"vc_col-sm-12 wpb_column column_container vc_column_container col child_column no-extra-padding inherit_tablet inherit_phone\"   data-padding-pos=\"all\" data-has-bg-color=\"false\" data-bg-color=\"\" data-bg-opacity=\"1\" data-animation=\"\" data-delay=\"0\">\n\t\t<div class=\"vc_column-inner\" >\n\t\t<div class=\"wpb_wrapper\">\n\t\t\t<h2 style=\"font-size: 20px;line-height: 25px;text-align: left\" class=\"vc_custom_heading\" >Does your company encounter issues like the absence of a legal entity in Bosnia and Herzegovina, insufficient workforce, financial constraints, shortage of staff, prolonged processes for approving new positions, and confidentiality or competition-related agreements?<\/p>\n<p>The solution to your problems is the STAFF LEASING service.<\/h2>\n\t\t<\/div> \n\t<\/div>\n\t<\/div> \n<\/div><\/div><div id=\"fws_69de9a6a6ed06\" data-midnight=\"\" data-column-margin=\"default\" class=\"wpb_row vc_row-fluid vc_row inner_row\"  style=\"\"><div class=\"row-bg-wrap\"> <div class=\"row-bg\" ><\/div> <\/div><div class=\"row_col_wrap_12_inner col span_12  left\">\n\t<div  class=\"vc_col-sm-12 wpb_column column_container vc_column_container col child_column has-animation padding-3-percent inherit_tablet inherit_phone\"   data-padding-pos=\"top-bottom\" data-has-bg-color=\"false\" data-bg-color=\"\" data-bg-opacity=\"1\" data-animation=\"fade-in-from-bottom\" data-delay=\"0\">\n\t\t<div class=\"vc_column-inner\" >\n\t\t<div class=\"wpb_wrapper\">\n\t\t\t\r\n<div class=\"wpb_text_column wpb_content_element  vc_custom_1692613244265\" >\r\n\t<div class=\"wpb_wrapper\">\r\n\t\t<h4 class=\"fusion-responsive-typography-calculated\" data-fontsize=\"24\" data-lineheight=\"28.8px\">PROFIL hires the selected candidate for you for an agreed-upon fixed period and provides full support in:<\/h4>\n<ul>\n<li>preparation and signing of the consulting contract,<\/li>\n<li>preparation and signing of employment contracts and all amendments,<\/li>\n<li>income calculation (salary, meals, transportation, holiday pay, bonus, daily allowances, etc.),<\/li>\n<li>organization of accommodation for business trips,<\/li>\n<li>using a car for operational purposes,<\/li>\n<li>regulating taxes and reporting on health insurance,<\/li>\n<li>consulting in accordance with the Labor Law and related legislation.<\/li>\n<\/ul>\n\t<\/div>\r\n<\/div>\r\n\r\n\r\n\r\n\n\t\t<\/div> \n\t<\/div>\n\t<\/div> \n<\/div><\/div>\n\t\t\t<\/div> \n\t\t\t<div id=\"tab-finansije-i-racunovodstvo\" data-tab-icon=\"iconsmind-Financial\" class=\"wpb_tab ui-tabs-panel wpb_ui-tabs-hide clearfix\">\n\t\t\t\t<div id=\"fws_69de9a6a6f911\" data-midnight=\"\" data-column-margin=\"default\" class=\"wpb_row vc_row-fluid vc_row inner_row\"  style=\"\"><div class=\"row-bg-wrap\"> <div class=\"row-bg\" ><\/div> <\/div><div class=\"row_col_wrap_12_inner col span_12  left\">\n\t<div  class=\"vc_col-sm-12 wpb_column column_container vc_column_container col child_column no-extra-padding inherit_tablet inherit_phone\"   data-padding-pos=\"all\" data-has-bg-color=\"false\" data-bg-color=\"\" data-bg-opacity=\"1\" data-animation=\"\" data-delay=\"0\">\n\t\t<div class=\"vc_column-inner\" >\n\t\t<div class=\"wpb_wrapper\">\n\t\t\t<h2 style=\"font-size: 20px;line-height: 25px;text-align: left\" class=\"vc_custom_heading\" >Find your finance and accounting experts!<\/p>\n<p>Outsourcing your accounting, regardless of your company's size, will help ensure that your financial accounts are organized and all transactions are accurately recorded.<\/h2>\n\t\t<\/div> \n\t<\/div>\n\t<\/div> \n<\/div><\/div><div id=\"fws_69de9a6a70064\" data-midnight=\"\" data-column-margin=\"default\" class=\"wpb_row vc_row-fluid vc_row inner_row\"  style=\"\"><div class=\"row-bg-wrap\"> <div class=\"row-bg\" ><\/div> <\/div><div class=\"row_col_wrap_12_inner col span_12  left\">\n\t<div  class=\"vc_col-sm-12 wpb_column column_container vc_column_container col child_column has-animation padding-3-percent inherit_tablet inherit_phone\"   data-padding-pos=\"top-bottom\" data-has-bg-color=\"false\" data-bg-color=\"\" data-bg-opacity=\"1\" data-animation=\"fade-in-from-bottom\" data-delay=\"0\">\n\t\t<div class=\"vc_column-inner\" >\n\t\t<div class=\"wpb_wrapper\">\n\t\t\t\r\n<div class=\"wpb_text_column wpb_content_element  vc_custom_1692613197515\" >\r\n\t<div class=\"wpb_wrapper\">\r\n\t\t<h4 class=\"fusion-responsive-typography-calculated\" data-fontsize=\"24\" data-lineheight=\"28.8px\"><strong>Accounting and bookkeeping experts from Profil MC can provide you with:<\/strong><\/h4>\n<ul>\n<li>Claims\/payables management<\/li>\n<li>Accounting services and reconciliation<\/li>\n<li>Preparation or maintenance of financial statements\/reports<\/li>\n<li>Controller Services<\/li>\n<li>Financial planning and analysis<\/li>\n<li>Cost accounting<\/li>\n<li>Industry-specific accounting tasks<\/li>\n<li>Financial planning<\/li>\n<li>Payroll processing<\/li>\n<\/ul>\n\t<\/div>\r\n<\/div>\r\n\r\n\r\n\r\n\n\t\t<\/div> \n\t<\/div>\n\t<\/div> \n<\/div><\/div>\n\t\t\t<\/div> \n\t\t<\/div> \n\t<\/div> \n\t\t\t<\/div> \n\t\t<\/div>\n\t<\/div> \n<\/div><\/div>","protected":false},"excerpt":{"rendered":"Tra\u017eenje i odabirBrza selekcijaStaff LeasingFinansije i ra\u010dunovodstvo Svjesni ste rizika koji nosi promjena \u010dlana rukovode\u0107eg ili stru\u010dnog tima? Profil Centar Vam svojim sturuktuiranim pristupom tra\u017eenja i odabira mo\u017ee pomo\u0107i. Umjesto...","protected":false},"author":1,"featured_media":0,"parent":0,"menu_order":0,"comment_status":"closed","ping_status":"closed","template":"","meta":{"footnotes":""},"class_list":["post-6079","page","type-page","status-publish"],"_links":{"self":[{"href":"https:\/\/profil.ba\/en\/wp-json\/wp\/v2\/pages\/6079","targetHints":{"allow":["GET"]}}],"collection":[{"href":"https:\/\/profil.ba\/en\/wp-json\/wp\/v2\/pages"}],"about":[{"href":"https:\/\/profil.ba\/en\/wp-json\/wp\/v2\/types\/page"}],"author":[{"embeddable":true,"href":"https:\/\/profil.ba\/en\/wp-json\/wp\/v2\/users\/1"}],"replies":[{"embeddable":true,"href":"https:\/\/profil.ba\/en\/wp-json\/wp\/v2\/comments?post=6079"}],"version-history":[{"count":11,"href":"https:\/\/profil.ba\/en\/wp-json\/wp\/v2\/pages\/6079\/revisions"}],"predecessor-version":[{"id":6090,"href":"https:\/\/profil.ba\/en\/wp-json\/wp\/v2\/pages\/6079\/revisions\/6090"}],"wp:attachment":[{"href":"https:\/\/profil.ba\/en\/wp-json\/wp\/v2\/media?parent=6079"}],"curies":[{"name":"wp","href":"https:\/\/api.w.org\/{rel}","templated":true}]}}